 {"id":130,"date":"2022-02-16T22:53:12","date_gmt":"2022-02-16T22:53:12","guid":{"rendered":"https:\/\/capp.psicologiacr.com\/?page_id=130"},"modified":"2022-03-03T04:32:21","modified_gmt":"2022-03-03T04:32:21","slug":"pasantias","status":"publish","type":"page","link":"https:\/\/capp.psicologiacr.com\/index.php\/pasantias\/","title":{"rendered":"Pasant\u00edas"},"content":{"rendered":"<p>Este programa de formaci\u00f3n te\u00f3rico-pr\u00e1ctico, ofrece reforzar los conocimientos y habilidades necesarias para brindar intervenci\u00f3n en crisis y primeros auxilios psicol\u00f3gicos a trav\u00e9s de la modalidad telef\u00f3nica.<\/p>\n<p>Esta certificaci\u00f3n, se gestiona en conjunto con el Departamento de Capacitaci\u00f3n e Integraci\u00f3n del CPPCR, y tiene como objetivo desarrollar los aspectos y factores esenciales relacionados con la crisis psicol\u00f3gica y las l\u00edneas de acci\u00f3n de la intervenci\u00f3n en crisis y primeros auxilios psicol\u00f3gicos.<\/p>\n<p>Cada trimestre, se ofrece, a trav\u00e9s de los diferentes canales de comunicaci\u00f3n del CPPCR, la oferta para participar de esta capacitaci\u00f3n, en la cual se invita a todas las personas profesionales interesadas a registrarse y participar de la misma.<\/p>\n<p>Cualquier persona profesional en psicolog\u00eda, activo y al d\u00eda con sus obligaciones con el CPPCR, puede registrarse para realizar su pasant\u00eda, escribiendo al correo electr\u00f3nico:\u00a0<a href=\"mailto:capacitacion3@psicologiacr.com\">capacitacion3@psicologiacr.com<\/a><\/p>\n","protected":false},"excerpt":{"rendered":"<p>Este programa de formaci\u00f3n te\u00f3rico-pr\u00e1ctico, ofrece reforzar los conocimientos y habilidades necesarias para brindar intervenci\u00f3n en crisis y primeros auxilios psicol\u00f3gicos a trav\u00e9s de la modalidad telef\u00f3nica. Esta certificaci\u00f3n, se gestiona en conjunto con el Departamento de Capacitaci\u00f3n e Integraci\u00f3n del CPPCR, y tiene como objetivo desarrollar los aspectos y factores esenciales relacionados con la [&hellip;]<\/p>\n","protected":false},"author":1,"featured_media":0,"parent":0,"menu_order":0,"comment_status":"closed","ping_status":"closed","template":"","meta":{"footnotes":""},"acf":[],"_links":{"self":[{"href":"https:\/\/capp.psicologiacr.com\/index.php\/wp-json\/wp\/v2\/pages\/130"}],"collection":[{"href":"https:\/\/capp.psicologiacr.com\/index.php\/wp-json\/wp\/v2\/pages"}],"about":[{"href":"https:\/\/capp.psicologiacr.com\/index.php\/wp-json\/wp\/v2\/types\/page"}],"author":[{"embeddable":true,"href":"https:\/\/capp.psicologiacr.com\/index.php\/wp-json\/wp\/v2\/users\/1"}],"replies":[{"embeddable":true,"href":"https:\/\/capp.psicologiacr.com\/index.php\/wp-json\/wp\/v2\/comments?post=130"}],"version-history":[{"count":2,"href":"https:\/\/capp.psicologiacr.com\/index.php\/wp-json\/wp\/v2\/pages\/130\/revisions"}],"predecessor-version":[{"id":202,"href":"https:\/\/capp.psicologiacr.com\/index.php\/wp-json\/wp\/v2\/pages\/130\/revisions\/202"}],"wp:attachment":[{"href":"https:\/\/capp.psicologiacr.com\/index.php\/wp-json\/wp\/v2\/media?parent=130"}],"curies":[{"name":"wp","href":"https:\/\/api.w.org\/{rel}","templated":true}]}}