 {"id":16,"date":"2022-02-14T20:10:48","date_gmt":"2022-02-14T20:10:48","guid":{"rendered":"https:\/\/capp.psicologiacr.com\/?page_id=16"},"modified":"2022-05-17T15:09:09","modified_gmt":"2022-05-17T15:09:09","slug":"nosotros","status":"publish","type":"page","link":"https:\/\/capp.psicologiacr.com\/index.php\/nosotros\/","title":{"rendered":"Nosotros"},"content":{"rendered":"<p>El Centro de Apoyo Psicol\u00f3gico Primario (CAPP) se crea a partir de la experiencia que ha desarrollado el Colegio de Profesionales en Psicolog\u00eda de Costa Rica (CPPCR) en la atenci\u00f3n psicol\u00f3gica primaria por v\u00eda telef\u00f3nica y constituye un giro estrat\u00e9gico en los servicios que se han brindado desde nuestra instituci\u00f3n por m\u00e1s de 40 a\u00f1os tanto a la poblaci\u00f3n gremial como a la sociedad civil.<\/p>\n<p>En el a\u00f1o 2019, el CPPCR crea la l\u00ednea telef\u00f3nica Aqu\u00ed Estoy, la cual brinda atenci\u00f3n a personas en situaci\u00f3n de comportamiento e ideaci\u00f3n suicida, gracias a una Red de Voluntariado que ha impactado a cientos de personas. Para el a\u00f1o 2020 el CPPCR en respuesta a la pandemia generada por el COVID-19, puso en marcha el Despacho de Apoyo Psicol\u00f3gico mediante un servicio de atenci\u00f3n telef\u00f3nica que brind\u00f3 respuesta a la emergencia nacional y reflej\u00f3 la importancia de la salud mental desde una perspectiva integral para las personas que habitan en Costa Rica.<\/p>\n<p>Estas acciones estrat\u00e9gicas se constituyeron como los primeros dos servicios de atenci\u00f3n primaria telef\u00f3nica con los que el Colegio se ha posicionado a nivel nacional y que mediante alianzas estrat\u00e9gicas logran fortalecer los servicios de instituciones gubernamentales como el Ministerio de Salud, el Servicio de Emergencias 9-1-1 y la Caja Costarricense de Seguro Social (CCSS).<\/p>\n<p>Siendo pioneros en brindar servicios de atenci\u00f3n psicol\u00f3gica por v\u00eda telef\u00f3nica, y siendo que estas acciones fueron destacadas como una propuesta innovadora por la Organizaci\u00f3n Panamericana de la Salud &#8211; Organizaci\u00f3n Mundial de la Salud (OPS\/OMS), algunas empresas del pa\u00eds empezaron a contactar a nuestro Colegio para conocer la experiencia de la creaci\u00f3n y el desarrollo del Despacho de Apoyo Psicol\u00f3gico; pero, consientes desde la gesti\u00f3n directiva, se evidencia que estos servicios no s\u00f3lo pueden mantenerse desde un voluntariado, sino que adem\u00e1s pueden evolucionar a una estructura formal que permita la contrataci\u00f3n de profesionales en psicolog\u00eda.<\/p>\n<p>Por esta raz\u00f3n, siendo imperante la necesidad de dar continuidad al servicio de Apoyo Psicol\u00f3gico Primario en Costa Rica, nace la idea de crear un centro de atenci\u00f3n telef\u00f3nica, ubicado en las instalaciones propias del Colegio de Profesionales en Psicolog\u00eda, el cual cuenta con la infraestructura f\u00edsica, tecnolog\u00eda y el recurso humano que hace posible la log\u00edstica para el desarrollo de estas estrategias.<\/p>\n<p>El CAPP como proyecto visionario no solo busca ser una fuente de empleabilidad para profesionales en psicolog\u00eda, sino tambi\u00e9n ser un espacio que permita el mantenimiento y fortalecimiento del voluntariado, as\u00ed como tambi\u00e9n llegar a constituirse en un \u00e1rea de formaci\u00f3n acad\u00e9mica a trav\u00e9s de pr\u00e1cticas profesionales en modalidad de pasant\u00eda y espacios cl\u00ednicos, para estudiantes avanzados de la carrera en psicolog\u00eda.<\/p>\n<p>Desde nuestro compromiso con la promoci\u00f3n de la salud mental y bajo principios psico\u00e9ticos de la protecci\u00f3n a la vida, este proyecto permite el aporte constante del Colegio de Profesionales en Psicolog\u00eda en la salud mental de las personas que habitan en todo el territorio nacional.<\/p>\n","protected":false},"excerpt":{"rendered":"<p>El Centro de Apoyo Psicol\u00f3gico Primario (CAPP) se crea a partir de la experiencia que ha desarrollado el Colegio de Profesionales en Psicolog\u00eda de Costa Rica (CPPCR) en la atenci\u00f3n psicol\u00f3gica primaria por v\u00eda telef\u00f3nica y constituye un giro estrat\u00e9gico en los servicios que se han brindado desde nuestra instituci\u00f3n por m\u00e1s de 40 a\u00f1os [&hellip;]<\/p>\n","protected":false},"author":1,"featured_media":205,"parent":0,"menu_order":0,"comment_status":"closed","ping_status":"closed","template":"","meta":{"footnotes":""},"acf":[],"_links":{"self":[{"href":"https:\/\/capp.psicologiacr.com\/index.php\/wp-json\/wp\/v2\/pages\/16"}],"collection":[{"href":"https:\/\/capp.psicologiacr.com\/index.php\/wp-json\/wp\/v2\/pages"}],"about":[{"href":"https:\/\/capp.psicologiacr.com\/index.php\/wp-json\/wp\/v2\/types\/page"}],"author":[{"embeddable":true,"href":"https:\/\/capp.psicologiacr.com\/index.php\/wp-json\/wp\/v2\/users\/1"}],"replies":[{"embeddable":true,"href":"https:\/\/capp.psicologiacr.com\/index.php\/wp-json\/wp\/v2\/comments?post=16"}],"version-history":[{"count":3,"href":"https:\/\/capp.psicologiacr.com\/index.php\/wp-json\/wp\/v2\/pages\/16\/revisions"}],"predecessor-version":[{"id":123,"href":"https:\/\/capp.psicologiacr.com\/index.php\/wp-json\/wp\/v2\/pages\/16\/revisions\/123"}],"wp:featuredmedia":[{"embeddable":true,"href":"https:\/\/capp.psicologiacr.com\/index.php\/wp-json\/wp\/v2\/media\/205"}],"wp:attachment":[{"href":"https:\/\/capp.psicologiacr.com\/index.php\/wp-json\/wp\/v2\/media?parent=16"}],"curies":[{"name":"wp","href":"https:\/\/api.w.org\/{rel}","templated":true}]}}